{"id":12,"date":"2023-06-02T21:11:17","date_gmt":"2023-06-02T19:11:17","guid":{"rendered":"https:\/\/pourallerdanslebonsens.com\/index.php\/commande\/echec-de-la-transaction\/"},"modified":"2023-06-02T21:11:17","modified_gmt":"2023-06-02T19:11:17","slug":"echec-de-la-transaction","status":"publish","type":"page","link":"https:\/\/pourallerdanslebonsens.com\/index.php\/commande\/echec-de-la-transaction\/","title":{"rendered":"\u00c9chec de la transaction"},"content":{"rendered":"<p>Votre transaction a \u00e9chou\u00e9. Veuillez r\u00e9essayer ou contacter le support du site.<\/p>","protected":false},"excerpt":{"rendered":"<p>Votre transaction a \u00e9chou\u00e9. Veuillez r\u00e9essayer ou contacter le support du site.<\/p>\n","protected":false},"author":1,"featured_media":0,"parent":10,"menu_order":0,"comment_status":"closed","ping_status":"closed","template":"","meta":[],"_links":{"self":[{"href":"https:\/\/pourallerdanslebonsens.com\/index.php\/wp-json\/wp\/v2\/pages\/12"}],"collection":[{"href":"https:\/\/pourallerdanslebonsens.com\/index.php\/wp-json\/wp\/v2\/pages"}],"about":[{"href":"https:\/\/pourallerdanslebonsens.com\/index.php\/wp-json\/wp\/v2\/types\/page"}],"author":[{"embeddable":true,"href":"https:\/\/pourallerdanslebonsens.com\/index.php\/wp-json\/wp\/v2\/users\/1"}],"replies":[{"embeddable":true,"href":"https:\/\/pourallerdanslebonsens.com\/index.php\/wp-json\/wp\/v2\/comments?post=12"}],"version-history":[{"count":0,"href":"https:\/\/pourallerdanslebonsens.com\/index.php\/wp-json\/wp\/v2\/pages\/12\/revisions"}],"up":[{"embeddable":true,"href":"https:\/\/pourallerdanslebonsens.com\/index.php\/wp-json\/wp\/v2\/pages\/10"}],"wp:attachment":[{"href":"https:\/\/pourallerdanslebonsens.com\/index.php\/wp-json\/wp\/v2\/media?parent=12"}],"curies":[{"name":"wp","href":"https:\/\/api.w.org\/{rel}","templated":true}]}}